{"id":154,"date":"2023-08-19T17:56:27","date_gmt":"2023-08-19T15:56:27","guid":{"rendered":"https:\/\/www.mittror.se\/?page_id=154"},"modified":"2023-09-15T12:44:12","modified_gmt":"2023-09-15T10:44:12","slug":"medarbetare","status":"publish","type":"page","link":"https:\/\/www.mittror.se\/?page_id=154","title":{"rendered":"Medarbetare"},"content":{"rendered":"<div data-colibri-id=\"154-c1\" class=\"style-364 style-local-154-c1 position-relative\">\n  <!---->\n  <div data-colibri-component=\"section\" data-colibri-id=\"154-c2\" id=\"team\" class=\"h-section h-section-global-spacing d-flex align-items-lg-center align-items-md-center align-items-center style-366 style-local-154-c2 position-relative\">\n    <!---->\n    <!---->\n    <div class=\"h-section-grid-container h-section-boxed-container\">\n      <div data-colibri-id=\"154-c20\" class=\"h-row-container gutters-row-lg-2 gutters-row-md-2 gutters-row-0 gutters-row-v-lg-2 gutters-row-v-md-2 gutters-row-v-2 style-380 style-local-154-c20 position-relative\">\n        <!---->\n        <div class=\"h-row justify-content-lg-center justify-content-md-center justify-content-center align-items-lg-stretch align-items-md-stretch align-items-stretch gutters-col-lg-2 gutters-col-md-2 gutters-col-0 gutters-col-v-lg-2 gutters-col-v-md-2 gutters-col-v-2\">\n          <!---->\n          <div class=\"h-column h-column-container d-flex h-col-lg-auto h-col-md-auto h-col-auto style-381-outer style-local-154-c21-outer\">\n            <div data-colibri-id=\"154-c21\" class=\"d-flex h-flex-basis h-column__inner h-px-lg-2 h-px-md-2 h-px-2 v-inner-lg-2 v-inner-md-2 v-inner-2 style-381 style-local-154-c21 position-relative\">\n              <!---->\n              <!---->\n              <div class=\"w-100 h-y-container h-column__content h-column__v-align flex-basis-100 align-self-lg-start align-self-md-start align-self-start\">\n                <!---->\n                <div data-colibri-id=\"154-c22\" class=\"h-global-transition-all h-heading style-382 style-local-154-c22 position-relative h-element\">\n                  <!---->\n                  <div class=\"h-heading__outer style-382 style-local-154-c22\">\n                    <!---->\n                    <!---->\n                    <h2 class=\"\">V\u00e5rt team<\/h2>\n                  <\/div>\n                <\/div>\n              <\/div>\n            <\/div>\n          <\/div>\n        <\/div>\n      <\/div>\n      <div data-colibri-id=\"154-c3\" class=\"h-row-container gutters-row-lg-2 gutters-row-md-2 gutters-row-0 gutters-row-v-lg-2 gutters-row-v-md-2 gutters-row-v-2 style-367 style-local-154-c3 position-relative\">\n        <!---->\n        <div class=\"h-row justify-content-lg-center justify-content-md-center justify-content-center align-items-lg-stretch align-items-md-stretch align-items-stretch gutters-col-lg-2 gutters-col-md-2 gutters-col-0 gutters-col-v-lg-2 gutters-col-v-md-2 gutters-col-v-2\">\n          <!---->\n          <div class=\"h-column h-column-container d-flex h-col-lg-4 h-col-md-6 h-col-12 style-368-outer style-local-154-c4-outer\">\n            <div data-colibri-id=\"154-c4\" class=\"d-flex h-flex-basis h-column__inner h-px-lg-0 h-px-md-0 h-px-0 v-inner-lg-0 v-inner-md-0 v-inner-0 style-368 style-local-154-c4 position-relative\">\n              <!---->\n              <!---->\n              <div class=\"w-100 h-y-container h-column__content h-column__v-align flex-basis-100 align-self-lg-start align-self-md-start align-self-start\">\n                <!---->\n                <div data-colibri-id=\"154-c5\" class=\"d-block style-369 style-local-154-c5 position-relative h-element\">\n                  <!---->\n                  <div class=\"h-image__frame-container-outer\">\n                    <div class=\"h-image__frame-container\">\n                      <!---->\n                      <!---->\n                      <img decoding=\"async\" loading=\"lazy\" width=\"1721\" height=\"1726\" src=\"https:\/\/www.mittror.se\/wp-content\/uploads\/2023\/09\/cropped-DSC_1743-2-scaled-1.jpeg\" class=\"wp-image-401 style-369-image style-local-154-c5-image\" srcset=\"https:\/\/www.mittror.se\/wp-content\/uploads\/2023\/09\/cropped-DSC_1743-2-scaled-1.jpeg 1721w, https:\/\/www.mittror.se\/wp-content\/uploads\/2023\/09\/cropped-DSC_1743-2-scaled-1-300x300.jpeg 300w, https:\/\/www.mittror.se\/wp-content\/uploads\/2023\/09\/cropped-DSC_1743-2-scaled-1-1021x1024.jpeg 1021w, https:\/\/www.mittror.se\/wp-content\/uploads\/2023\/09\/cropped-DSC_1743-2-scaled-1-150x150.jpeg 150w, https:\/\/www.mittror.se\/wp-content\/uploads\/2023\/09\/cropped-DSC_1743-2-scaled-1-768x770.jpeg 768w, https:\/\/www.mittror.se\/wp-content\/uploads\/2023\/09\/cropped-DSC_1743-2-scaled-1-1532x1536.jpeg 1532w\" sizes=\"(max-width: 1721px) 100vw, 1721px\" alt=\"\" \/>\n                      <div class=\"h-image__frame h-hide-lg h-hide-md h-hide-sm style-369-frameImage style-local-154-c5-frameImage\"><\/div>\n                    <\/div>\n                  <\/div>\n                <\/div>\n                <div data-colibri-id=\"154-c6\" class=\"h-global-transition-all h-heading style-370 style-local-154-c6 position-relative h-element\">\n                  <!---->\n                  <div class=\"h-heading__outer style-370 style-local-154-c6\">\n                    <!---->\n                    <!---->\n                    <h4 class=\"\">Peter Lundberg<\/h4>\n                  <\/div>\n                <\/div>\n                <div data-colibri-id=\"154-c7\" class=\"h-text h-text-component style-371 style-local-154-c7 position-relative h-element\">\n                  <!---->\n                  <!---->\n                  <div class=\"\">\n                    <p>\u00c4gare\/mont\u00f6r<\/p>\n                  <\/div>\n                <\/div>\n                <div data-colibri-id=\"154-c8\" class=\"h-text h-text-component style-372 style-local-154-c8 position-relative h-element\">\n                  <!---->\n                  <!---->\n                  <div class=\"\">\n                    <p>060-120226<\/p>\n                    <p>peter@mittror.se<\/p>\n                  <\/div>\n                <\/div>\n              <\/div>\n            <\/div>\n          <\/div>\n          <div class=\"h-column h-column-container d-flex h-col-lg-4 h-col-md-6 h-col-12 style-368-outer style-local-154-c9-outer\">\n            <div data-colibri-id=\"154-c9\" class=\"d-flex h-flex-basis h-column__inner h-px-lg-0 h-px-md-0 h-px-0 v-inner-lg-0 v-inner-md-0 v-inner-0 style-368 style-local-154-c9 position-relative\">\n              <!---->\n              <!---->\n              <div class=\"w-100 h-y-container h-column__content h-column__v-align flex-basis-100 align-self-lg-start align-self-md-start align-self-start\">\n                <!---->\n                <div data-colibri-id=\"154-c10\" class=\"d-block style-374 style-local-154-c10 position-relative h-element\">\n                  <!---->\n                  <div class=\"h-image__frame-container-outer\">\n                    <div class=\"h-image__frame-container\">\n                      <!---->\n                      <!---->\n                      <img decoding=\"async\" loading=\"lazy\" width=\"1706\" height=\"1707\" src=\"https:\/\/www.mittror.se\/wp-content\/uploads\/2023\/09\/cropped-DSC_1748-scaled-1.jpeg\" class=\"wp-image-400 style-374-image style-local-154-c10-image\" srcset=\"https:\/\/www.mittror.se\/wp-content\/uploads\/2023\/09\/cropped-DSC_1748-scaled-1.jpeg 1706w, https:\/\/www.mittror.se\/wp-content\/uploads\/2023\/09\/cropped-DSC_1748-scaled-1-300x300.jpeg 300w, https:\/\/www.mittror.se\/wp-content\/uploads\/2023\/09\/cropped-DSC_1748-scaled-1-1024x1024.jpeg 1024w, https:\/\/www.mittror.se\/wp-content\/uploads\/2023\/09\/cropped-DSC_1748-scaled-1-150x150.jpeg 150w, https:\/\/www.mittror.se\/wp-content\/uploads\/2023\/09\/cropped-DSC_1748-scaled-1-768x768.jpeg 768w, https:\/\/www.mittror.se\/wp-content\/uploads\/2023\/09\/cropped-DSC_1748-scaled-1-1536x1536.jpeg 1536w\" sizes=\"(max-width: 1706px) 100vw, 1706px\" alt=\"\" \/>\n                      <div class=\"h-image__frame h-hide-lg h-hide-md h-hide-sm style-374-frameImage style-local-154-c10-frameImage\"><\/div>\n                    <\/div>\n                  <\/div>\n                <\/div>\n                <div data-colibri-id=\"154-c11\" class=\"h-global-transition-all h-heading style-370 style-local-154-c11 position-relative h-element\">\n                  <!---->\n                  <div class=\"h-heading__outer style-370 style-local-154-c11\">\n                    <!---->\n                    <!---->\n                    <h4 class=\"\">Fredrik \u00c5kerlund<\/h4>\n                  <\/div>\n                <\/div>\n                <div data-colibri-id=\"154-c12\" class=\"h-text h-text-component style-371 style-local-154-c12 position-relative h-element\">\n                  <!---->\n                  <!---->\n                  <div class=\"\">\n                    <p>\u00c4gare\/mont\u00f6r<\/p>\n                  <\/div>\n                <\/div>\n                <div data-colibri-id=\"154-c13\" class=\"h-text h-text-component style-372 style-local-154-c13 position-relative h-element\">\n                  <!---->\n                  <!---->\n                  <div class=\"\">\n                    <p>060-120224<\/p>\n                    <p>fredrik@mittror.se<\/p>\n                  <\/div>\n                <\/div>\n              <\/div>\n            <\/div>\n          <\/div>\n          <div class=\"h-column h-column-container d-flex h-col-lg-4 h-col-md-6 h-col-12 style-368-outer style-local-154-c14-outer\">\n            <div data-colibri-id=\"154-c14\" class=\"d-flex h-flex-basis h-column__inner h-px-lg-0 h-px-md-0 h-px-0 v-inner-lg-0 v-inner-md-0 v-inner-0 style-368 style-local-154-c14 position-relative\">\n              <!---->\n              <!---->\n              <div class=\"w-100 h-y-container h-column__content h-column__v-align flex-basis-100 align-self-lg-start align-self-md-start align-self-start\">\n                <!---->\n                <div data-colibri-id=\"154-c15\" class=\"d-block style-376 style-local-154-c15 position-relative h-element\">\n                  <!---->\n                  <div class=\"h-image__frame-container-outer\">\n                    <div class=\"h-image__frame-container\">\n                      <!---->\n                      <!---->\n                      <img decoding=\"async\" loading=\"lazy\" width=\"1706\" height=\"1707\" src=\"https:\/\/www.mittror.se\/wp-content\/uploads\/2023\/09\/cropped-DSC_1772-scaled-1.jpeg\" class=\"wp-image-398 style-376-image style-local-154-c15-image\" srcset=\"https:\/\/www.mittror.se\/wp-content\/uploads\/2023\/09\/cropped-DSC_1772-scaled-1.jpeg 1706w, https:\/\/www.mittror.se\/wp-content\/uploads\/2023\/09\/cropped-DSC_1772-scaled-1-300x300.jpeg 300w, https:\/\/www.mittror.se\/wp-content\/uploads\/2023\/09\/cropped-DSC_1772-scaled-1-1024x1024.jpeg 1024w, https:\/\/www.mittror.se\/wp-content\/uploads\/2023\/09\/cropped-DSC_1772-scaled-1-150x150.jpeg 150w, https:\/\/www.mittror.se\/wp-content\/uploads\/2023\/09\/cropped-DSC_1772-scaled-1-768x768.jpeg 768w, https:\/\/www.mittror.se\/wp-content\/uploads\/2023\/09\/cropped-DSC_1772-scaled-1-1536x1536.jpeg 1536w\" sizes=\"(max-width: 1706px) 100vw, 1706px\" alt=\"\" \/>\n                      <div class=\"h-image__frame h-hide-lg h-hide-md h-hide-sm style-376-frameImage style-local-154-c15-frameImage\"><\/div>\n                    <\/div>\n                  <\/div>\n                <\/div>\n                <div data-colibri-id=\"154-c16\" class=\"h-global-transition-all h-heading style-370 style-local-154-c16 position-relative h-element\">\n                  <!---->\n                  <div class=\"h-heading__outer style-370 style-local-154-c16\">\n                    <!---->\n                    <!---->\n                    <h4 class=\"\">Joar Lundman<\/h4>\n                  <\/div>\n                <\/div>\n                <div data-colibri-id=\"154-c17\" class=\"h-text h-text-component style-371 style-local-154-c17 position-relative h-element\">\n                  <!---->\n                  <!---->\n                  <div class=\"\">\n                    <p>Mont\u00f6r<\/p>\n                  <\/div>\n                <\/div>\n                <div data-colibri-id=\"154-c18\" class=\"h-text h-text-component style-372 style-local-154-c18 position-relative h-element\">\n                  <!---->\n                  <!---->\n                  <div class=\"\">\n                    <p>070-5590626<\/p>\n                    <p>joar@mittror.se<\/p>\n                  <\/div>\n                <\/div>\n              <\/div>\n            <\/div>\n          <\/div>\n          <div class=\"h-column h-column-container d-flex h-col-lg-4 h-col-md-6 h-col-12 style-368-outer style-local-154-c19-outer\">\n            <div data-colibri-id=\"154-c19\" class=\"d-flex h-flex-basis h-column__inner h-ui-empty-state-container h-px-lg-0 h-px-md-0 h-px-0 v-inner-lg-0 v-inner-md-0 v-inner-0 style-368 style-local-154-c19 position-relative\">\n              <!---->\n              <!---->\n              <div class=\"w-100 h-y-container h-column__content h-column__v-align flex-basis-100\">\n                <!---->\n              <\/div>\n            <\/div>\n          <\/div>\n        <\/div>\n      <\/div>\n    <\/div>\n  <\/div>\n<\/div>","protected":false},"excerpt":{"rendered":"<p>V\u00e5rt team Peter Lundberg \u00c4gare\/mont\u00f6r 060-120226 peter@mittror.se Fredrik \u00c5kerlund \u00c4gare\/mont\u00f6r 060-120224 fredrik@mittror.se Joar Lundman Mont\u00f6r 070-5590626 joar@mittror.se<\/p>\n","protected":false},"author":1,"featured_media":0,"parent":0,"menu_order":0,"comment_status":"closed","ping_status":"closed","template":"page-templates\/full-width-page.php","meta":{"om_disable_all_campaigns":false,"_monsterinsights_skip_tracking":false,"_monsterinsights_sitenote_active":false,"_monsterinsights_sitenote_note":"","_monsterinsights_sitenote_category":0,"footnotes":""},"aioseo_notices":[],"_links":{"self":[{"href":"https:\/\/www.mittror.se\/index.php?rest_route=\/wp\/v2\/pages\/154"}],"collection":[{"href":"https:\/\/www.mittror.se\/index.php?rest_route=\/wp\/v2\/pages"}],"about":[{"href":"https:\/\/www.mittror.se\/index.php?rest_route=\/wp\/v2\/types\/page"}],"author":[{"embeddable":true,"href":"https:\/\/www.mittror.se\/index.php?rest_route=\/wp\/v2\/users\/1"}],"replies":[{"embeddable":true,"href":"https:\/\/www.mittror.se\/index.php?rest_route=%2Fwp%2Fv2%2Fcomments&post=154"}],"version-history":[{"count":6,"href":"https:\/\/www.mittror.se\/index.php?rest_route=\/wp\/v2\/pages\/154\/revisions"}],"predecessor-version":[{"id":403,"href":"https:\/\/www.mittror.se\/index.php?rest_route=\/wp\/v2\/pages\/154\/revisions\/403"}],"wp:attachment":[{"href":"https:\/\/www.mittror.se\/index.php?rest_route=%2Fwp%2Fv2%2Fmedia&parent=154"}],"curies":[{"name":"wp","href":"https:\/\/api.w.org\/{rel}","templated":true}]}}