{"id":155,"date":"2023-08-19T17:56:27","date_gmt":"2023-08-19T15:56:27","guid":{"rendered":"https:\/\/www.mittror.se\/?page_id=155"},"modified":"2026-03-03T20:55:22","modified_gmt":"2026-03-03T19:55:22","slug":"kontakt","status":"publish","type":"page","link":"https:\/\/www.mittror.se\/?page_id=155","title":{"rendered":"Kontakt"},"content":{"rendered":"<div data-colibri-id=\"155-c1\" class=\"style-384 style-local-155-c1 position-relative\">\n  <!---->\n  <div data-colibri-component=\"section\" data-colibri-id=\"155-c2\" id=\"custom\" class=\"h-section h-section-global-spacing d-flex align-items-lg-center align-items-md-center align-items-center style-385 style-local-155-c2 position-relative\">\n    <!---->\n    <!---->\n    <div class=\"h-section-grid-container h-section-boxed-container\">\n      <!---->\n      <div data-colibri-id=\"155-c3\" class=\"h-row-container gutters-row-lg-2 gutters-row-md-2 gutters-row-0 gutters-row-v-lg-2 gutters-row-v-md-2 gutters-row-v-2 style-401 style-local-155-c3 position-relative\">\n        <!---->\n        <div class=\"h-row justify-content-lg-center justify-content-md-center justify-content-center align-items-lg-stretch align-items-md-stretch align-items-stretch gutters-col-lg-2 gutters-col-md-2 gutters-col-0 gutters-col-v-lg-2 gutters-col-v-md-2 gutters-col-v-2\">\n          <!---->\n          <div class=\"h-column h-column-container d-flex h-col-lg-auto h-col-md-auto h-col-auto style-402-outer style-local-155-c4-outer\">\n            <div data-colibri-id=\"155-c4\" class=\"d-flex h-flex-basis h-column__inner h-px-lg-2 h-px-md-2 h-px-2 v-inner-lg-2 v-inner-md-2 v-inner-2 style-402 style-local-155-c4 position-relative\">\n              <!---->\n              <!---->\n              <div class=\"w-100 h-y-container h-column__content h-column__v-align flex-basis-100 align-self-lg-start align-self-md-start align-self-start\">\n                <!---->\n                <div data-colibri-id=\"155-c5\" class=\"h-global-transition-all h-heading style-403 style-local-155-c5 position-relative h-element\">\n                  <!---->\n                  <div class=\"h-heading__outer style-403 style-local-155-c5\">\n                    <!---->\n                    <!---->\n                    <h3 class=\"\">Kontakta oss<\/h3>\n                  <\/div>\n                <\/div>\n              <\/div>\n            <\/div>\n          <\/div>\n        <\/div>\n      <\/div>\n      <div data-colibri-id=\"155-c6\" class=\"h-row-container gutters-row-lg-2 gutters-row-md-2 gutters-row-0 gutters-row-v-lg-2 gutters-row-v-md-2 gutters-row-v-2 style-386 style-local-155-c6 position-relative\">\n        <!---->\n        <div class=\"h-row justify-content-lg-center justify-content-md-center justify-content-center align-items-lg-stretch align-items-md-stretch align-items-stretch gutters-col-lg-2 gutters-col-md-2 gutters-col-0 gutters-col-v-lg-2 gutters-col-v-md-2 gutters-col-v-2\">\n          <!---->\n          <div class=\"h-column h-column-container d-flex h-col-lg-auto h-col-md-auto h-col-auto style-387-outer style-local-155-c7-outer\">\n            <div data-colibri-id=\"155-c7\" class=\"d-flex h-flex-basis h-column__inner h-px-lg-2 h-px-md-2 h-px-2 v-inner-lg-2 v-inner-md-2 v-inner-2 style-387 style-local-155-c7 position-relative\">\n              <!---->\n              <!---->\n              <div class=\"w-100 h-y-container h-column__content h-column__v-align flex-basis-100 align-self-lg-start align-self-md-start align-self-start\">\n                <!---->\n                <div data-colibri-id=\"155-c8\" class=\"h-global-transition-all h-heading style-404 style-local-155-c8 position-relative h-element\">\n                  <!---->\n                  <div class=\"h-heading__outer style-404 style-local-155-c8\">\n                    <!---->\n                    <!---->\n                    <h5 class=\"\">E-mail<\/h5>\n                  <\/div>\n                <\/div>\n                <div data-colibri-id=\"155-c9\" class=\"h-text h-text-component style-405 style-local-155-c9 position-relative h-element\">\n                  <!---->\n                  <!---->\n                  <div class=\"\">\n                    <p>info@mittror.se<\/p>\n                  <\/div>\n                <\/div>\n                <div data-colibri-id=\"155-c10\" class=\"h-global-transition-all h-heading style-409 style-local-155-c10 position-relative h-element\">\n                  <!---->\n                  <div class=\"h-heading__outer style-409 style-local-155-c10\">\n                    <!---->\n                    <!---->\n                    <h5 class=\"\">Adress<\/h5>\n                  <\/div>\n                <\/div>\n                <div data-colibri-id=\"155-c11\" class=\"h-text h-text-component style-410 style-local-155-c11 position-relative h-element\">\n                  <!---->\n                  <!---->\n                  <div class=\"\">\n                    <p>\u00d6stermov\u00e4gen 33<\/p>\n                    <p>854 62 Sundsvall<\/p>\n                  <\/div>\n                <\/div>\n              <\/div>\n            <\/div>\n          <\/div>\n          <div class=\"h-column h-column-container d-flex h-col-lg-auto h-col-md-auto h-col-auto style-388-outer style-local-155-c12-outer\">\n            <div data-colibri-id=\"155-c12\" class=\"d-flex h-flex-basis h-column__inner h-px-lg-2 h-px-md-2 h-px-2 v-inner-lg-2 v-inner-md-2 v-inner-2 style-388 style-local-155-c12 position-relative\">\n              <!---->\n              <!---->\n              <div class=\"w-100 h-y-container h-column__content h-column__v-align flex-basis-100 align-self-lg-start align-self-md-start align-self-start\">\n                <!---->\n                <div data-colibri-id=\"155-c13\" class=\"h-global-transition-all h-heading style-407 style-local-155-c13 position-relative h-element\">\n                  <!---->\n                  <div class=\"h-heading__outer style-407 style-local-155-c13\">\n                    <!---->\n                    <!---->\n                    <h5 class=\"\">Telefon<\/h5>\n                  <\/div>\n                <\/div>\n                <div data-colibri-id=\"155-c14\" class=\"h-text h-text-component style-408 style-local-155-c14 position-relative h-element\">\n                  <!---->\n                  <!---->\n                  <div class=\"\">\n                    <p>060-122012<\/p>\n                  <\/div>\n                <\/div>\n                <div data-colibri-id=\"155-c15\" class=\"h-global-transition-all h-heading style-411 style-local-155-c15 position-relative h-element\">\n                  <!---->\n                  <div class=\"h-heading__outer style-411 style-local-155-c15\">\n                    <!---->\n                    <!---->\n                    <h5 class=\"\">F\u00f6lj oss<\/h5>\n                  <\/div>\n                <\/div>\n                <div data-colibri-id=\"155-c16\" class=\"h-icon style-417 style-local-155-c16 position-relative h-element\">\n                  <!---->\n                  <a href=\"https:\/\/www.facebook.com\/MittRorAb\" h-use-smooth-scroll=\"true\"><span class=\"h-svg-icon h-icon__icon style-417-icon style-local-155-c16-icon\"><!--Icon by Font Awesome (https:\/\/fontawesome.com)-->\n    <svg version=\"1.1\" xmlns=\"http:\/\/www.w3.org\/2000\/svg\" xmlns:xlink=\"http:\/\/www.w3.org\/1999\/xlink\" id=\"facebook-square\" viewBox=\"0 0 1536 1896.0833\">\n      <path d=\"M1248 128q119 0 203.5 84.5T1536 416v960q0 119-84.5 203.5T1248 1664h-188v-595h199l30-232h-229V689q0-56 23.5-84t91.5-28l122-1V369q-63-9-178-9-136 0-217.5 80T820 666v171H620v232h200v595H288q-119 0-203.5-84.5T0 1376V416q0-119 84.5-203.5T288 128h960z\"><\/path>\n    <\/svg><\/span><\/a>\n                <\/div>\n                <div data-colibri-id=\"155-c17\" class=\"h-icon style-419 style-local-155-c17 position-relative h-element\">\n                  <!---->\n                  <a href=\"https:\/\/www.instagram.com\/mittrorab\/\" h-use-smooth-scroll=\"true\"><span class=\"h-svg-icon h-icon__icon style-419-icon style-local-155-c17-icon\"><!--Icon by Font Awesome (https:\/\/fontawesome.com)-->\n    <svg version=\"1.1\" xmlns=\"http:\/\/www.w3.org\/2000\/svg\" xmlns:xlink=\"http:\/\/www.w3.org\/1999\/xlink\" id=\"instagram\" viewBox=\"0 0 1536 1896.0833\">\n      <path d=\"M1024 896q0-106-75-181t-181-75-181 75-75 181 75 181 181 75 181-75 75-181zm138 0q0 164-115 279t-279 115-279-115-115-279 115-279 279-115 279 115 115 279zm108-410q0 38-27 65t-65 27-65-27-27-65 27-65 65-27 65 27 27 65zM768 266q-7 0-76.5-.5t-105.5 0-96.5 3-103 10T315 297q-50 20-88 58t-58 88q-11 29-18.5 71.5t-10 103-3 96.5 0 105.5.5 76.5-.5 76.5 0 105.5 3 96.5 10 103T169 1349q20 50 58 88t88 58q29 11 71.5 18.5t103 10 96.5 3 105.5 0 76.5-.5 76.5.5 105.5 0 96.5-3 103-10 71.5-18.5q50-20 88-58t58-88q11-29 18.5-71.5t10-103 3-96.5 0-105.5-.5-76.5.5-76.5 0-105.5-3-96.5-10-103T1367 443q-20-50-58-88t-88-58q-29-11-71.5-18.5t-103-10-96.5-3-105.5 0-76.5.5zm768 630q0 229-5 317-10 208-124 322t-322 124q-88 5-317 5t-317-5q-208-10-322-124T5 1213q-5-88-5-317t5-317q10-208 124-322t322-124q88-5 317-5t317 5q208 10 322 124t124 322q5 88 5 317z\"><\/path>\n    <\/svg><\/span><\/a>\n                <\/div>\n              <\/div>\n            <\/div>\n          <\/div>\n          <div class=\"h-column h-column-container d-flex h-col-lg-auto h-col-md-auto h-col-auto style-406-outer style-local-155-c18-outer\">\n            <div data-colibri-id=\"155-c18\" class=\"d-flex h-flex-basis h-column__inner h-px-lg-2 h-px-md-2 h-px-2 v-inner-lg-2 v-inner-md-2 v-inner-2 style-406 style-local-155-c18 position-relative\">\n              <!---->\n              <!---->\n              <div class=\"w-100 h-y-container h-column__content h-column__v-align flex-basis-100 align-self-lg-start align-self-md-start align-self-start\">\n                <!---->\n                <div data-colibri-id=\"155-c19\" class=\"d-block style-390 style-local-155-c19 position-relative h-element\">\n                  <!---->\n                  <div class=\"h-image__frame-container-outer\">\n                    <div class=\"h-image__frame-container\">\n                      <!---->\n                      <!---->\n                      <img decoding=\"async\" loading=\"lazy\" width=\"484\" height=\"484\" src=\"https:\/\/www.mittror.se\/wp-content\/uploads\/2023\/08\/cropped-277820589_5026041810764404_59929568473556941_n.jpeg\" class=\"wp-image-243 style-390-image style-local-155-c19-image\" srcset=\"https:\/\/www.mittror.se\/wp-content\/uploads\/2023\/08\/cropped-277820589_5026041810764404_59929568473556941_n.jpeg 484w, https:\/\/www.mittror.se\/wp-content\/uploads\/2023\/08\/cropped-277820589_5026041810764404_59929568473556941_n-300x300.jpeg 300w, https:\/\/www.mittror.se\/wp-content\/uploads\/2023\/08\/cropped-277820589_5026041810764404_59929568473556941_n-150x150.jpeg 150w\" sizes=\"(max-width: 484px) 100vw, 484px\" alt=\"\" \/>\n                      <div class=\"h-image__frame h-hide-lg h-hide-md h-hide-sm style-390-frameImage style-local-155-c19-frameImage\"><\/div>\n                    <\/div>\n                  <\/div>\n                <\/div>\n              <\/div>\n            <\/div>\n          <\/div>\n        <\/div>\n      <\/div>\n    <\/div>\n  <\/div>\n<\/div>","protected":false},"excerpt":{"rendered":"<p>Kontakta oss E-mail info@mittror.se Adress \u00d6stermov\u00e4gen 33 854 62 Sundsvall Telefon 060-122012 F\u00f6lj oss<\/p>\n","protected":false},"author":1,"featured_media":0,"parent":0,"menu_order":0,"comment_status":"closed","ping_status":"closed","template":"page-templates\/full-width-page.php","meta":{"om_disable_all_campaigns":false,"_monsterinsights_skip_tracking":false,"_monsterinsights_sitenote_active":false,"_monsterinsights_sitenote_note":"","_monsterinsights_sitenote_category":0,"footnotes":""},"aioseo_notices":[],"_links":{"self":[{"href":"https:\/\/www.mittror.se\/index.php?rest_route=\/wp\/v2\/pages\/155"}],"collection":[{"href":"https:\/\/www.mittror.se\/index.php?rest_route=\/wp\/v2\/pages"}],"about":[{"href":"https:\/\/www.mittror.se\/index.php?rest_route=\/wp\/v2\/types\/page"}],"author":[{"embeddable":true,"href":"https:\/\/www.mittror.se\/index.php?rest_route=\/wp\/v2\/users\/1"}],"replies":[{"embeddable":true,"href":"https:\/\/www.mittror.se\/index.php?rest_route=%2Fwp%2Fv2%2Fcomments&post=155"}],"version-history":[{"count":5,"href":"https:\/\/www.mittror.se\/index.php?rest_route=\/wp\/v2\/pages\/155\/revisions"}],"predecessor-version":[{"id":438,"href":"https:\/\/www.mittror.se\/index.php?rest_route=\/wp\/v2\/pages\/155\/revisions\/438"}],"wp:attachment":[{"href":"https:\/\/www.mittror.se\/index.php?rest_route=%2Fwp%2Fv2%2Fmedia&parent=155"}],"curies":[{"name":"wp","href":"https:\/\/api.w.org\/{rel}","templated":true}]}}